{"id":65,"date":"2023-02-08T11:44:05","date_gmt":"2023-02-08T10:44:05","guid":{"rendered":"https:\/\/ladantine.fr\/?page_id=65"},"modified":"2023-02-09T08:54:41","modified_gmt":"2023-02-09T07:54:41","slug":"quoi","status":"publish","type":"page","link":"https:\/\/ladantine.fr\/?page_id=65","title":{"rendered":"Quoi ?"},"content":{"rendered":"<p>[et_pb_section fb_built=\u00a0\u00bb1&Prime; _builder_version=\u00a0\u00bb4.19.1&Prime; _module_preset=\u00a0\u00bbdefault\u00a0\u00bb custom_padding=\u00a0\u00bb0px|||||\u00a0\u00bb global_colors_info=\u00a0\u00bb{}\u00a0\u00bb][et_pb_row _builder_version=\u00a0\u00bb4.19.1&Prime; _module_preset=\u00a0\u00bbdefault\u00a0\u00bb custom_margin=\u00a0\u00bb|auto|98px|auto||\u00a0\u00bb border_color_all=\u00a0\u00bbRGBA(255,255,255,0)\u00a0\u00bb global_colors_info=\u00a0\u00bb{}\u00a0\u00bb][et_pb_column type=\u00a0\u00bb4_4&Prime; _builder_version=\u00a0\u00bb4.19.1&Prime; _module_preset=\u00a0\u00bbdefault\u00a0\u00bb global_colors_info=\u00a0\u00bb{}\u00a0\u00bb][et_pb_text _builder_version=\u00a0\u00bb4.19.1&Prime; _module_preset=\u00a0\u00bbdefault\u00a0\u00bb text_text_color=\u00a0\u00bb#000000&Prime; header_font=\u00a0\u00bb|700|||||||\u00a0\u00bb header_text_align=\u00a0\u00bbcenter\u00a0\u00bb header_font_size=\u00a0\u00bb38px\u00a0\u00bb header_2_font=\u00a0\u00bbArchivo Black||||||||\u00a0\u00bb header_2_text_color=\u00a0\u00bb#ffab31&Prime; header_2_font_size=\u00a0\u00bb32px\u00a0\u00bb custom_padding=\u00a0\u00bb40px|||||\u00a0\u00bb hover_enabled=\u00a0\u00bb0&Prime; global_colors_info=\u00a0\u00bb{}\u00a0\u00bb sticky_enabled=\u00a0\u00bb0&Prime;]<\/p>\n<h2 style=\"text-align: center;\"><strong>Quoi ?<\/strong><\/h2>\n<p>&nbsp;<\/p>\n<blockquote>\n<p><span style=\"font-weight: 400;\"><strong>\u00ab Le restaurant de 2050, je le vois \u00e0 impact social et environnemental fort. \u00bb<\/strong> <\/span><\/p>\n<\/blockquote>\n<p><span style=\"font-weight: 400;\">Thierry Marx (AFP 2020)<\/span><\/p>\n<p><span style=\"font-weight: 400;\">Comment donc, manger autrement au quotidien, tout en prenant soin de soi, de l&rsquo;autre et de la plan\u00e8te ? Comment permettre l&rsquo;acc\u00e8s \u00e0 une alimentation de qualit\u00e9 pour tous ?\u00a0<\/span><\/p>\n<p><span style=\"font-weight: 400;\">La Dantine, 1\u00e8re cantine de quartier au Havre, a choisi un quartier populaire Danton, connu pour sa concentration en junk food, afin de proposer une restauration rapide alternative. <\/span><b>Il y est question de bien manger, de lien social et d&rsquo;\u00e9coresponsabilit\u00e9<\/b><span style=\"font-weight: 400;\">.<\/span><\/p>\n<p>&nbsp;<\/p>\n<p><span style=\"font-weight: 400;\">Ce projet, inscrit dans l&rsquo;\u00c9conomie Sociale et Solidaire, partenaire du Plan Alimentaire Territorial du Havre Seine M\u00e9tropole, a pour vocation d&rsquo;agir selon 3 axes :<\/span><\/p>\n<p><span style=\"font-weight: 400;\">&#8211; Le Bien manger quotidien, accessible \u00e0 tous gr\u00e2ce \u00e0 des menus simples, vari\u00e9s et \u00e9conomiques autour des 10\u20ac<\/span><\/p>\n<p><span style=\"font-weight: 400;\">&#8211; Nourrir le lien social \u00e0 travers notamment la cuisine participative avec les habitants (voir le reportage du JT de France2 \u00ab\u00a0Une id\u00e9e pour la France\u00a0\u00bb r\u00e9alis\u00e9 en juin)\u00a0\u00a0<\/span><\/p>\n<p><a href=\"https:\/\/www.facebook.com\/109760680625810\/videos\/540592643890220\">Vid\u00e9o<\/a><\/p>\n<p><span style=\"font-weight: 400;\">&#8211; L&rsquo;\u00e9co-responsabilit\u00e9 avec notamment une collaboration au recyclage des biod\u00e9chets de cuisine (en lien avec <\/span><a href=\"https:\/\/havredevers.fr\/\"><span style=\"font-weight: 400;\">Havre de vers<\/span><\/a><span style=\"font-weight: 400;\"> qui r\u00e9cup\u00e8re nos bio-d\u00e9chets) et l&rsquo;introduction au Havre de la lunch box consign\u00e9e \u00e0 grande \u00e9chelle, avec d\u00e9sormais le d\u00e9ploiement de <\/span><a href=\"https:\/\/www.laconsignehavraise.fr\/\"><span style=\"font-weight: 400;\">La Consigne Havraise<\/span><\/a><span style=\"font-weight: 400;\"> n\u00e9e sous l\u2019impulsion de La Dantine et de l\u2019\u00e9picerie vrac coop\u00e9rative <\/span><a href=\"https:\/\/www.epiboujou.fr\/\"><span style=\"font-weight: 400;\">Epi Boujou<\/span><\/a><span style=\"font-weight: 400;\">, projet port\u00e9 par Isabelle et Perrine !<\/span><\/p>\n<p>&nbsp;<\/p>\n<p><b>\u00c0 la Dantine, on reprend les codes cantine, celui du partage d\u2019un menu unique sur une table collective.\u00a0<\/b><\/p>\n<p><b><i>\u201cUne cuisine \u00e0 hauteur d\u2019homme\u201d<\/i><\/b><\/p>\n<p><span style=\"font-weight: 400;\">Il s\u2019agit d\u2019un \u201cRetour vers le futur\u201d car proposer une cuisine familiale, inspir\u00e9e des cuisines du monde, est en soi une cuisine d\u2019avenir ; mod\u00e9lis\u00e9e par le Mouvement des Cuisines Nourrici\u00e8res, une cuisine qui r\u00e9pond aux besoins quotidiens de simplicit\u00e9, d&rsquo;\u00e9conomie de temps et de budget, sans rien l\u00e2cher du go\u00fbt. Pour nous, bien manger ce sont des menus de saison ; dans un \u00e9quilibre revisit\u00e9 pour donner une plus grande place au v\u00e9g\u00e9tal, diversifier les prot\u00e9ines dans un mix animal-l\u00e9gumineuses. C\u2019est aussi privil\u00e9gier nos producteurs locaux en circuits courts.<\/span><\/p>\n<p>&nbsp;<\/p>\n<p><b>Une table conviviale et de partage\u00a0<\/b><\/p>\n<p><span style=\"font-weight: 400;\">\u00c0 la Dantine, on enroule le lien social autour de la fourchette pour rompre l&rsquo;isolement, les solitudes urbaines. Car nous accordons une grande importance \u00e0 l\u2019acte symbolique du repas partag\u00e9. Mais aussi du \u00ab\u00a0Cuisiner ensemble\u00a0\u00bb&#8230;<\/span><\/p>\n<p>&nbsp;<\/p>\n<p><b>Un lieu participatif\u00a0<\/b><\/p>\n<p><span style=\"font-weight: 400;\">Car une partie de la semaine, ce sont les habitants qui pr\u00e9parent le repas en \u00ab\u00a0Cuisine Participative\u00a0\u00bb ; en partie avec des invendus de proximit\u00e9. La Dantine devient alors une \u00ab\u00a0Table d&rsquo;h\u00f4tes d&rsquo;habitants\u00a0\u00bb ouverte \u00e0 tous les mangeurs.\u00a0<\/span><\/p>\n<p>&nbsp;<\/p>\n<p><span style=\"font-weight: 400;\">Notre devise \u00ab\u00a0MiAM pour tous, tous pour MiAM !\u00a0\u00bb &#8211;\u00a0 Cuisiner et manger ensemble, pour que la Dantine soit un lieu de transmission et de transition alimentaire.<\/span><\/p>\n<p>[\/et_pb_text][\/et_pb_column][\/et_pb_row][\/et_pb_section]<\/p>\n","protected":false},"excerpt":{"rendered":"<p>Quoi ? &nbsp; \u00ab Le restaurant de 2050, je le vois \u00e0 impact social et environnemental fort. \u00bb Thierry Marx (AFP 2020) Comment donc, manger autrement au quotidien, tout en prenant soin de soi, de l&rsquo;autre et de la plan\u00e8te ? Comment permettre l&rsquo;acc\u00e8s \u00e0 une alimentation de qualit\u00e9 pour tous ?\u00a0 La Dantine, 1\u00e8re [&hellip;]<\/p>\n","protected":false},"author":1,"featured_media":0,"parent":0,"menu_order":0,"comment_status":"closed","ping_status":"closed","template":"","meta":{"_et_pb_use_builder":"on","_et_pb_old_content":"","_et_gb_content_width":"","footnotes":""},"class_list":["post-65","page","type-page","status-publish","hentry"],"acf":[],"_links":{"self":[{"href":"https:\/\/ladantine.fr\/index.php?rest_route=\/wp\/v2\/pages\/65","targetHints":{"allow":["GET"]}}],"collection":[{"href":"https:\/\/ladantine.fr\/index.php?rest_route=\/wp\/v2\/pages"}],"about":[{"href":"https:\/\/ladantine.fr\/index.php?rest_route=\/wp\/v2\/types\/page"}],"author":[{"embeddable":true,"href":"https:\/\/ladantine.fr\/index.php?rest_route=\/wp\/v2\/users\/1"}],"replies":[{"embeddable":true,"href":"https:\/\/ladantine.fr\/index.php?rest_route=%2Fwp%2Fv2%2Fcomments&post=65"}],"version-history":[{"count":7,"href":"https:\/\/ladantine.fr\/index.php?rest_route=\/wp\/v2\/pages\/65\/revisions"}],"predecessor-version":[{"id":85,"href":"https:\/\/ladantine.fr\/index.php?rest_route=\/wp\/v2\/pages\/65\/revisions\/85"}],"wp:attachment":[{"href":"https:\/\/ladantine.fr\/index.php?rest_route=%2Fwp%2Fv2%2Fmedia&parent=65"}],"curies":[{"name":"wp","href":"https:\/\/api.w.org\/{rel}","templated":true}]}}